{"id":15488,"date":"2013-09-20T11:50:14","date_gmt":"2013-09-20T16:50:14","guid":{"rendered":"https:\/\/partnersonlinecourses.com\/perfil-del-usuario\/"},"modified":"2022-04-27T20:37:26","modified_gmt":"2022-04-28T01:37:26","slug":"perfil-del-usuario","status":"publish","type":"page","link":"https:\/\/partnersonlinecourses.com\/es\/perfil-del-usuario\/","title":{"rendered":"Perfil del usuario"},"content":{"rendered":"<p>Puede editar y realizar cambios en la informaci\u00f3n de su perfil de usuario iniciando sesi\u00f3n en su cuenta. Si se registr\u00f3 recientemente y es la primera vez que inicia sesi\u00f3n, consulte su correo electr\u00f3nico para obtener su contrase\u00f1a. Puede cambiar su contrase\u00f1a despu\u00e9s de iniciar sesi\u00f3n visitando la p\u00e1gina de perfil.<\/p>\n<div id=\"wpmem_login\"><a id=\"login\"><\/a><form action=\"https:\/\/partnersonlinecourses.com\/es\/perfil-del-usuario\/\" method=\"POST\" id=\"wpmem_login_form\" class=\"form\"><input type=\"hidden\" id=\"_wpmem_login_nonce\" name=\"_wpmem_login_nonce\" value=\"1fe1d23346\" \/><input type=\"hidden\" name=\"_wp_http_referer\" value=\"\/es\/wp-json\/wp\/v2\/pages\/15488\" \/><fieldset><legend>Acceso de usuarios existentes<\/legend><label for=\"log\">Nombre de usuario o correo electr\u00f3nico<\/label><div class=\"div_text\"><input name=\"log\" type=\"text\" id=\"log\" value=\"\" class=\"username\" required  \/><\/div><label for=\"pwd\">Contrase\u00f1a<\/label><div class=\"div_text\"><input name=\"pwd\" type=\"password\" id=\"pwd\" class=\"password\" required  \/><\/div><input name=\"a\" type=\"hidden\" value=\"login\" \/><input name=\"redirect_to\" type=\"hidden\" value=\"https:\/\/partnersonlinecourses.com\/es\/perfil-del-usuario\/\" \/><div class=\"button_div\"><input name=\"rememberme\" type=\"checkbox\" id=\"rememberme\" value=\"forever\" \/>&nbsp;<label for=\"rememberme\">Recu\u00e9rdame<\/label>&nbsp;&nbsp;<input type=\"submit\" name=\"Submit\" value=\"Acceder\" class=\"buttons\" \/><\/div><div class=\"link-text\"><span class=\"link-text-forgot\">\u00bfOlvidaste tu contrase\u00f1a?&nbsp;<a href=\"https:\/\/partnersonlinecourses.com\/es\/cuenta-2\/?a=pwdreset\">Haz clic para restablecer<\/a><\/span><\/div><\/fieldset><\/form><\/div><div id=\"wpmem_reg\"><a id=\"register\"><\/a><form name=\"form\" method=\"post\" action=\"https:\/\/partnersonlinecourses.com\/es\/perfil-del-usuario\/\" id=\"wpmem_register_form\" class=\"form\"><input type=\"hidden\" id=\"_wpmem_register_nonce\" name=\"_wpmem_register_nonce\" value=\"4b96d69300\" \/><input type=\"hidden\" name=\"_wp_http_referer\" value=\"\/es\/wp-json\/wp\/v2\/pages\/15488\" \/><fieldset><legend>Registro de un nuevo usuario<\/legend><label for=\"username\" class=\"text\">Elige un nombre de usuario<span class=\"req\">*<\/span><\/label><div class=\"div_text\"><input name=\"username\" type=\"text\" id=\"username\" value=\"\" class=\"textbox\" required  \/><\/div><label for=\"first_name\" class=\"text\">Nombre<span class=\"req\">*<\/span><\/label><div class=\"div_text\"><input name=\"first_name\" type=\"text\" id=\"first_name\" value=\"\" class=\"textbox\" required  \/><\/div><label for=\"last_name\" class=\"text\">Apellidos<span class=\"req\">*<\/span><\/label><div class=\"div_text\"><input name=\"last_name\" type=\"text\" id=\"last_name\" value=\"\" class=\"textbox\" required  \/><\/div><label for=\"city\" class=\"text\">Ciudad<\/label><div class=\"div_text\"><input name=\"city\" type=\"text\" id=\"city\" value=\"\" class=\"textbox\" \/><\/div><label for=\"thestate\" class=\"text\">Estado<\/label><div class=\"div_text\"><input name=\"thestate\" type=\"text\" id=\"thestate\" value=\"\" class=\"textbox\" \/><\/div><label for=\"user_email\" class=\"text\">Correo electr\u00f3nico<span class=\"req\">*<\/span><\/label><div class=\"div_text\"><input name=\"user_email\" type=\"text\" id=\"user_email\" value=\"\" class=\"textbox\" required  \/><\/div><label for=\"partner\" class=\"select\">Are you enrolled in a Partners class?<\/label><div class=\"div_select\"><select name=\"partner\" id=\"partner\" class=\"dropdown\"><option value=\"\">&lt;---- Select One ----&gt;<\/option><option value=\"yes\">S\u00ed<\/option><option value=\"no\">No<\/option><\/select><\/div><script src=\"https:\/\/www.google.com\/recaptcha\/api.js?render=6Lco79sUAAAAAGqT3FfNSnrf2V0ABDmf1RC4mDd8\"><\/script><script>grecaptcha.ready(function () {grecaptcha.execute('6Lco79sUAAAAAGqT3FfNSnrf2V0ABDmf1RC4mDd8', { action: 'contact' }).then(function (token) {var recaptchaResponse = document.getElementById('recaptchaResponse');recaptchaResponse.value = token;});});<\/script><input type=\"hidden\" name=\"recaptcha_response\" id=\"recaptchaResponse\"><input name=\"a\" type=\"hidden\" value=\"register\" \/><input name=\"wpmem_reg_page\" type=\"hidden\" value=\"https:\/\/partnersonlinecourses.com\/es\/perfil-del-usuario\/\" \/><div class=\"button_div\"><input name=\"submit\" type=\"submit\" value=\"Registro\" class=\"buttons\" \/><\/div><div class=\"req-text\"><span class=\"req\">*<\/span>Campo necesario<\/div><\/fieldset><\/form><\/div>\n<div class=\"pdfprnt-buttons pdfprnt-buttons-page pdfprnt-bottom-left\"><a href=\"https:\/\/partnersonlinecourses.com\/es\/wp-json\/wp\/v2\/pages\/15488?print=pdf\" class=\"pdfprnt-button pdfprnt-button-pdf\" target=\"_blank\" ><\/a><a href=\"https:\/\/partnersonlinecourses.com\/es\/wp-json\/wp\/v2\/pages\/15488?print=print\" class=\"pdfprnt-button pdfprnt-button-print\" target=\"_blank\" ><img decoding=\"async\" src=\"https:\/\/partnersonlinecourses.com\/wp-content\/plugins\/pdf-print\/images\/print.png\" alt=\"image_print\" title=\"Imprimir contenido\" \/><span class=\"pdfprnt-button-title pdfprnt-button-print-title\">Imprime esta p\u00e1gina<\/span><\/a><\/div>","protected":false},"excerpt":{"rendered":"<p>Puede editar y realizar cambios en la informaci\u00f3n de su  [&#8230;]<\/p>\n","protected":false},"author":1,"featured_media":0,"parent":0,"menu_order":0,"comment_status":"closed","ping_status":"closed","template":"","meta":{"_monsterinsights_skip_tracking":false,"_monsterinsights_sitenote_active":false,"_monsterinsights_sitenote_note":"","_monsterinsights_sitenote_category":0,"footnotes":""},"class_list":["post-15488","page","type-page","status-publish","hentry"],"jetpack_sharing_enabled":true,"_links":{"self":[{"href":"https:\/\/partnersonlinecourses.com\/es\/wp-json\/wp\/v2\/pages\/15488","targetHints":{"allow":["GET"]}}],"collection":[{"href":"https:\/\/partnersonlinecourses.com\/es\/wp-json\/wp\/v2\/pages"}],"about":[{"href":"https:\/\/partnersonlinecourses.com\/es\/wp-json\/wp\/v2\/types\/page"}],"author":[{"embeddable":true,"href":"https:\/\/partnersonlinecourses.com\/es\/wp-json\/wp\/v2\/users\/1"}],"replies":[{"embeddable":true,"href":"https:\/\/partnersonlinecourses.com\/es\/wp-json\/wp\/v2\/comments?post=15488"}],"version-history":[{"count":1,"href":"https:\/\/partnersonlinecourses.com\/es\/wp-json\/wp\/v2\/pages\/15488\/revisions"}],"predecessor-version":[{"id":15498,"href":"https:\/\/partnersonlinecourses.com\/es\/wp-json\/wp\/v2\/pages\/15488\/revisions\/15498"}],"wp:attachment":[{"href":"https:\/\/partnersonlinecourses.com\/es\/wp-json\/wp\/v2\/media?parent=15488"}],"curies":[{"name":"wp","href":"https:\/\/api.w.org\/{rel}","templated":true}]}}