{"id":15486,"date":"2013-09-19T14:19:45","date_gmt":"2013-09-19T19:19:45","guid":{"rendered":"https:\/\/partnersonlinecourses.com\/socios-en-educacion\/"},"modified":"2022-09-30T22:37:12","modified_gmt":"2022-10-01T03:37:12","slug":"socios-en-educacion","status":"publish","type":"page","link":"https:\/\/partnersonlinecourses.com\/es\/socios-en-educacion\/","title":{"rendered":"Socios en educaci\u00f3n"},"content":{"rendered":"<div class=\"fusion-fullwidth fullwidth-box fusion-builder-row-1 nonhundred-percent-fullwidth non-hundred-percent-height-scrolling\" style=\"--awb-border-radius-top-left:0px;--awb-border-radius-top-right:0px;--awb-border-radius-bottom-right:0px;--awb-border-radius-bottom-left:0px;--awb-flex-wrap:wrap;\" ><div class=\"fusion-builder-row fusion-row\"><div class=\"fusion-layout-column fusion_builder_column fusion-builder-column-0 fusion_builder_column_2_3 2_3 fusion-two-third fusion-column-first\" style=\"--awb-bg-size:cover;--awb-margin-bottom:0px;width:65.3333%; margin-right: 4%;\"><div class=\"fusion-column-wrapper fusion-flex-column-wrapper-legacy\"><div class=\"fusion-text fusion-text-1\"><p>Las escuelas son lugares donde los ni\u00f1os aprenden nueva informaci\u00f3n y habilidades y est\u00e1n expuestos a importantes lecciones de vida, como aceptarse y respetarse a s\u00ed mismos ya los dem\u00e1s, la responsabilidad personal y la importancia de contribuir a la comunidad. Tambi\u00e9n es un lugar donde adquieren las habilidades y experiencias que los preparar\u00e1n para trabajar en trabajos significativos en el futuro. Despu\u00e9s de completar este curso, usted:<\/p>\n<ul>\n<li>Comprender c\u00f3mo se ha educado a los ni\u00f1os con discapacidades del desarrollo a lo largo del tiempo.<\/li>\n<li>Comprender la diferencia entre educaci\u00f3n general, educaci\u00f3n especial y educaci\u00f3n inclusiva.<\/li>\n<li>Conozca y comprenda las leyes clave que rigen la educaci\u00f3n especial en los Estados Unidos.<\/li>\n<li>Conozca su papel en la educaci\u00f3n de su hijo.<\/li>\n<li>Comprender los elementos de un Programa de Educaci\u00f3n Individualizado y qu\u00e9 hacer si las cosas no funcionan como se esperaba.<\/li>\n<li>Aprenda a abogar por una educaci\u00f3n apropiada e inclusiva para su hijo.<\/li>\n<\/ul>\n<\/div><div class=\"fusion-clearfix\"><\/div><\/div><\/div><div class=\"fusion-layout-column fusion_builder_column fusion-builder-column-1 fusion_builder_column_1_3 1_3 fusion-one-third fusion-column-last\" style=\"--awb-bg-size:cover;width:30.6666%;\"><div class=\"fusion-column-wrapper fusion-column-has-shadow fusion-flex-column-wrapper-legacy\"><div class=\"fusion-image-element fusion-image-align-center in-legacy-container\" style=\"text-align:center;--awb-caption-title-font-family:var(--h2_typography-font-family);--awb-caption-title-font-weight:var(--h2_typography-font-weight);--awb-caption-title-font-style:var(--h2_typography-font-style);--awb-caption-title-size:var(--h2_typography-font-size);--awb-caption-title-transform:var(--h2_typography-text-transform);--awb-caption-title-line-height:var(--h2_typography-line-height);--awb-caption-title-letter-spacing:var(--h2_typography-letter-spacing);\"><div class=\"imageframe-align-center\"><span class=\" fusion-imageframe imageframe-none imageframe-1 hover-type-none\"><img decoding=\"async\" width=\"300\" height=\"304\" alt=\"pat y mike\" title=\"patandmike\" src=\"https:\/\/partnersonlinecourses.com\/wp-content\/uploads\/patandmike.jpg\" class=\"img-responsive wp-image-14625\" srcset=\"https:\/\/partnersonlinecourses.com\/wp-content\/uploads\/patandmike-296x300.jpg 296w, https:\/\/partnersonlinecourses.com\/wp-content\/uploads\/patandmike.jpg 300w\" sizes=\"(max-width: 300px) 100vw, 300px\" \/><\/span><\/div><\/div><div class=\"fusion-clearfix\"><\/div><\/div><\/div><\/div><\/div><div class=\"fusion-fullwidth fullwidth-box fusion-builder-row-2 nonhundred-percent-fullwidth non-hundred-percent-height-scrolling\" style=\"--awb-border-radius-top-left:0px;--awb-border-radius-top-right:0px;--awb-border-radius-bottom-right:0px;--awb-border-radius-bottom-left:0px;--awb-padding-top:40px;--awb-padding-bottom:40px;--awb-flex-wrap:wrap;\" ><div class=\"fusion-builder-row fusion-row\"><div class=\"fusion-layout-column fusion_builder_column fusion-builder-column-2 fusion_builder_column_1_3 1_3 fusion-one-third fusion-column-first\" style=\"--awb-bg-size:cover;width:33.333333333333%;width:calc(33.333333333333% - ( ( 4% + 4% ) * 0.33333333333333 ) );margin-right: 4%;\"><div class=\"fusion-column-wrapper fusion-column-has-shadow fusion-flex-column-wrapper-legacy\"><div class=\"fusion-clearfix\"><\/div><\/div><\/div><div class=\"fusion-layout-column fusion_builder_column fusion-builder-column-3 fusion_builder_column_1_3 1_3 fusion-one-third\" style=\"--awb-bg-size:cover;width:33.333333333333%;width:calc(33.333333333333% - ( ( 4% + 4% ) * 0.33333333333333 ) );margin-right: 4%;\"><div class=\"fusion-column-wrapper fusion-column-has-shadow fusion-flex-column-wrapper-legacy\"><div class=\"fusion-aligncenter\"><a class=\"fusion-button button-flat button-xlarge button-default fusion-button-default button-1 fusion-button-default-span fusion-button-default-type\" target=\"_self\" href=\"https:\/\/partnersonlinecourses.com\/es\/module-1\/modulo-1-exclusion-a-inclusion\/\"><span class=\"fusion-button-text awb-button__text awb-button__text--default\">Empecemos<\/span><i class=\"fa-arrow-right fas awb-button__icon awb-button__icon--default button-icon-right\" aria-hidden=\"true\"><\/i><\/a><\/div><div class=\"fusion-clearfix\"><\/div><\/div><\/div><div class=\"fusion-layout-column fusion_builder_column fusion-builder-column-4 fusion_builder_column_1_3 1_3 fusion-one-third fusion-column-last\" style=\"--awb-bg-size:cover;width:33.333333333333%;width:calc(33.333333333333% - ( ( 4% + 4% ) * 0.33333333333333 ) );\"><div class=\"fusion-column-wrapper fusion-column-has-shadow fusion-flex-column-wrapper-legacy\"><div class=\"fusion-clearfix\"><\/div><\/div><\/div><\/div><\/div>\n<div class=\"pdfprnt-buttons pdfprnt-buttons-page pdfprnt-bottom-left\"><a href=\"https:\/\/partnersonlinecourses.com\/es\/wp-json\/wp\/v2\/pages\/15486?print=pdf\" class=\"pdfprnt-button pdfprnt-button-pdf\" target=\"_blank\" ><\/a><a href=\"https:\/\/partnersonlinecourses.com\/es\/wp-json\/wp\/v2\/pages\/15486?print=print\" class=\"pdfprnt-button pdfprnt-button-print\" target=\"_blank\" ><img decoding=\"async\" src=\"https:\/\/partnersonlinecourses.com\/wp-content\/plugins\/pdf-print\/images\/print.png\" alt=\"image_print\" title=\"Imprimir contenido\" \/><span class=\"pdfprnt-button-title pdfprnt-button-print-title\">Imprime esta p\u00e1gina<\/span><\/a><\/div>","protected":false},"excerpt":{"rendered":"","protected":false},"author":1,"featured_media":0,"parent":0,"menu_order":1,"comment_status":"closed","ping_status":"closed","template":"","meta":{"_monsterinsights_skip_tracking":false,"_monsterinsights_sitenote_active":false,"_monsterinsights_sitenote_note":"","_monsterinsights_sitenote_category":0,"footnotes":""},"class_list":["post-15486","page","type-page","status-publish","hentry"],"jetpack_sharing_enabled":true,"_links":{"self":[{"href":"https:\/\/partnersonlinecourses.com\/es\/wp-json\/wp\/v2\/pages\/15486","targetHints":{"allow":["GET"]}}],"collection":[{"href":"https:\/\/partnersonlinecourses.com\/es\/wp-json\/wp\/v2\/pages"}],"about":[{"href":"https:\/\/partnersonlinecourses.com\/es\/wp-json\/wp\/v2\/types\/page"}],"author":[{"embeddable":true,"href":"https:\/\/partnersonlinecourses.com\/es\/wp-json\/wp\/v2\/users\/1"}],"replies":[{"embeddable":true,"href":"https:\/\/partnersonlinecourses.com\/es\/wp-json\/wp\/v2\/comments?post=15486"}],"version-history":[{"count":9,"href":"https:\/\/partnersonlinecourses.com\/es\/wp-json\/wp\/v2\/pages\/15486\/revisions"}],"predecessor-version":[{"id":17580,"href":"https:\/\/partnersonlinecourses.com\/es\/wp-json\/wp\/v2\/pages\/15486\/revisions\/17580"}],"wp:attachment":[{"href":"https:\/\/partnersonlinecourses.com\/es\/wp-json\/wp\/v2\/media?parent=15486"}],"curies":[{"name":"wp","href":"https:\/\/api.w.org\/{rel}","templated":true}]}}