{"id":15474,"date":"2013-10-21T14:00:27","date_gmt":"2013-10-21T19:00:27","guid":{"rendered":"https:\/\/partnersonlinecourses.com\/socios-para-hacer-su-caso\/"},"modified":"2022-09-18T20:22:47","modified_gmt":"2022-09-19T01:22:47","slug":"socios-para-hacer-su-caso","status":"publish","type":"page","link":"https:\/\/partnersonlinecourses.com\/es\/socios-para-hacer-su-caso\/","title":{"rendered":"Socios para hacer su caso"},"content":{"rendered":"<div class=\"fusion-fullwidth fullwidth-box fusion-builder-row-1 nonhundred-percent-fullwidth non-hundred-percent-height-scrolling\" style=\"--awb-border-radius-top-left:0px;--awb-border-radius-top-right:0px;--awb-border-radius-bottom-right:0px;--awb-border-radius-bottom-left:0px;--awb-flex-wrap:wrap;\" ><div class=\"fusion-builder-row fusion-row\"><div class=\"fusion-layout-column fusion_builder_column fusion-builder-column-0 fusion_builder_column_2_3 2_3 fusion-two-third fusion-column-first\" style=\"--awb-bg-size:cover;--awb-margin-bottom:0px;width:65.3333%; margin-right: 4%;\"><div class=\"fusion-column-wrapper fusion-flex-column-wrapper-legacy\"><div class=\"fusion-text fusion-text-1\"><p>Bienvenido a <em>Partners in Making Your Case<\/em> , un curso de autoaprendizaje dise\u00f1ado para ayudar a las personas a abogar por cambios positivos en las pol\u00edticas p\u00fablicas que afectan a las personas con discapacidades del desarrollo y sus familias.<\/p>\n<p><em>Partners in Making Your Case<\/em> ense\u00f1a las habilidades fundamentales que necesita para ser un defensor eficaz. Despu\u00e9s de completar este curso, usted:<\/p>\n<ul>\n<li>Entender c\u00f3mo se hace la pol\u00edtica p\u00fablica, qui\u00e9n la hace y c\u00f3mo identificar a los formuladores de pol\u00edticas que est\u00e1n en condiciones de ayudar.<\/li>\n<li>Comprender el proceso de promoci\u00f3n.<\/li>\n<li>Aprende a contar tu historia por escrito y en persona.<\/li>\n<li>Aprenda a llevar a cabo reuniones con legisladores, dar testimonio efectivo y responder preguntas.<\/li>\n<li>Conozca algunas formas de organizarse con otros.<\/li>\n<\/ul>\n<\/div><div class=\"fusion-clearfix\"><\/div><\/div><\/div><div class=\"fusion-layout-column fusion_builder_column fusion-builder-column-1 fusion_builder_column_1_3 1_3 fusion-one-third fusion-column-last\" style=\"--awb-bg-size:cover;width:30.6666%;\"><div class=\"fusion-column-wrapper fusion-column-has-shadow fusion-flex-column-wrapper-legacy\"><div class=\"fusion-image-element in-legacy-container\" style=\"--awb-caption-title-font-family:var(--h2_typography-font-family);--awb-caption-title-font-weight:var(--h2_typography-font-weight);--awb-caption-title-font-style:var(--h2_typography-font-style);--awb-caption-title-size:var(--h2_typography-font-size);--awb-caption-title-transform:var(--h2_typography-text-transform);--awb-caption-title-line-height:var(--h2_typography-line-height);--awb-caption-title-letter-spacing:var(--h2_typography-letter-spacing);\"><span class=\" fusion-imageframe imageframe-none imageframe-1 hover-type-none\"><img decoding=\"async\" width=\"250\" height=\"333\" title=\"advocates\" src=\"https:\/\/partnersonlinecourses.com\/wp-content\/uploads\/advocates-1.jpg\" alt class=\"img-responsive wp-image-15320\" srcset=\"https:\/\/partnersonlinecourses.com\/wp-content\/uploads\/advocates-1-200x266.jpg 200w, https:\/\/partnersonlinecourses.com\/wp-content\/uploads\/advocates-1.jpg 250w\" sizes=\"(max-width: 800px) 100vw, 250px\" \/><\/span><\/div><div class=\"fusion-clearfix\"><\/div><\/div><\/div><\/div><\/div><div class=\"fusion-fullwidth fullwidth-box fusion-builder-row-2 nonhundred-percent-fullwidth non-hundred-percent-height-scrolling\" style=\"--awb-border-radius-top-left:0px;--awb-border-radius-top-right:0px;--awb-border-radius-bottom-right:0px;--awb-border-radius-bottom-left:0px;--awb-padding-top:40px;--awb-padding-bottom:40px;--awb-flex-wrap:wrap;\" ><div class=\"fusion-builder-row fusion-row\"><div class=\"fusion-layout-column fusion_builder_column fusion-builder-column-2 fusion_builder_column_1_3 1_3 fusion-one-third fusion-column-first\" style=\"--awb-bg-size:cover;width:33.333333333333%;width:calc(33.333333333333% - ( ( 4% + 4% ) * 0.33333333333333 ) );margin-right: 4%;\"><div class=\"fusion-column-wrapper fusion-column-has-shadow fusion-flex-column-wrapper-legacy\"><div class=\"fusion-clearfix\"><\/div><\/div><\/div><div class=\"fusion-layout-column fusion_builder_column fusion-builder-column-3 fusion_builder_column_1_3 1_3 fusion-one-third\" style=\"--awb-bg-size:cover;width:33.333333333333%;width:calc(33.333333333333% - ( ( 4% + 4% ) * 0.33333333333333 ) );margin-right: 4%;\"><div class=\"fusion-column-wrapper fusion-column-has-shadow fusion-flex-column-wrapper-legacy\"><div class=\"fusion-aligncenter\"><a class=\"fusion-button button-flat button-xlarge button-default fusion-button-default button-1 fusion-button-default-span fusion-button-default-type\" target=\"_self\" href=\"https:\/\/partnersonlinecourses.com\/es\/module-1\/modulo-1-como-se-hacen-las-politicas-publicas\/\"><span class=\"fusion-button-text awb-button__text awb-button__text--default\">Empecemos<\/span><i class=\"fa-arrow-right fas awb-button__icon awb-button__icon--default button-icon-right\" aria-hidden=\"true\"><\/i><\/a><\/div><div class=\"fusion-clearfix\"><\/div><\/div><\/div><div class=\"fusion-layout-column fusion_builder_column fusion-builder-column-4 fusion_builder_column_1_3 1_3 fusion-one-third fusion-column-last\" style=\"--awb-bg-size:cover;width:33.333333333333%;width:calc(33.333333333333% - ( ( 4% + 4% ) * 0.33333333333333 ) );\"><div class=\"fusion-column-wrapper fusion-column-has-shadow fusion-flex-column-wrapper-legacy\"><div class=\"fusion-clearfix\"><\/div><\/div><\/div><\/div><\/div>\n<div class=\"pdfprnt-buttons pdfprnt-buttons-page pdfprnt-bottom-left\"><a href=\"https:\/\/partnersonlinecourses.com\/es\/wp-json\/wp\/v2\/pages\/15474?print=pdf\" class=\"pdfprnt-button pdfprnt-button-pdf\" target=\"_blank\" ><\/a><a href=\"https:\/\/partnersonlinecourses.com\/es\/wp-json\/wp\/v2\/pages\/15474?print=print\" class=\"pdfprnt-button pdfprnt-button-print\" target=\"_blank\" ><img decoding=\"async\" src=\"https:\/\/partnersonlinecourses.com\/wp-content\/plugins\/pdf-print\/images\/print.png\" alt=\"image_print\" title=\"Imprimir contenido\" \/><span class=\"pdfprnt-button-title pdfprnt-button-print-title\">Imprime esta p\u00e1gina<\/span><\/a><\/div>","protected":false},"excerpt":{"rendered":"","protected":false},"author":1,"featured_media":0,"parent":0,"menu_order":0,"comment_status":"closed","ping_status":"closed","template":"","meta":{"_monsterinsights_skip_tracking":false,"_monsterinsights_sitenote_active":false,"_monsterinsights_sitenote_note":"","_monsterinsights_sitenote_category":0,"footnotes":""},"class_list":["post-15474","page","type-page","status-publish","hentry"],"jetpack_sharing_enabled":true,"_links":{"self":[{"href":"https:\/\/partnersonlinecourses.com\/es\/wp-json\/wp\/v2\/pages\/15474","targetHints":{"allow":["GET"]}}],"collection":[{"href":"https:\/\/partnersonlinecourses.com\/es\/wp-json\/wp\/v2\/pages"}],"about":[{"href":"https:\/\/partnersonlinecourses.com\/es\/wp-json\/wp\/v2\/types\/page"}],"author":[{"embeddable":true,"href":"https:\/\/partnersonlinecourses.com\/es\/wp-json\/wp\/v2\/users\/1"}],"replies":[{"embeddable":true,"href":"https:\/\/partnersonlinecourses.com\/es\/wp-json\/wp\/v2\/comments?post=15474"}],"version-history":[{"count":4,"href":"https:\/\/partnersonlinecourses.com\/es\/wp-json\/wp\/v2\/pages\/15474\/revisions"}],"predecessor-version":[{"id":17543,"href":"https:\/\/partnersonlinecourses.com\/es\/wp-json\/wp\/v2\/pages\/15474\/revisions\/17543"}],"wp:attachment":[{"href":"https:\/\/partnersonlinecourses.com\/es\/wp-json\/wp\/v2\/media?parent=15474"}],"curies":[{"name":"wp","href":"https:\/\/api.w.org\/{rel}","templated":true}]}}