{"id":15464,"date":"2013-09-20T11:44:32","date_gmt":"2013-09-20T16:44:32","guid":{"rendered":"https:\/\/partnersonlinecourses.com\/registrarse\/"},"modified":"2023-05-17T20:58:08","modified_gmt":"2023-05-18T01:58:08","slug":"registrarse","status":"publish","type":"page","link":"https:\/\/partnersonlinecourses.com\/es\/registrarse\/","title":{"rendered":"Registrarse"},"content":{"rendered":"<p>Esta es la p\u00e1gina de registro para los cursos en l\u00ednea de socios. Su informaci\u00f3n de registro solo se utilizar\u00e1 para acceder y realizar un seguimiento del progreso de los cursos en este sitio. <a href=\"http:\/\/mn.gov\/mnddc\/council\/privacy-policy.html\" target=\"_blank\" rel=\"noopener noreferrer\">Consulte nuestra pol\u00edtica de privacidad para obtener m\u00e1s informaci\u00f3n.<\/a><\/p>\n<p>Despu\u00e9s de registrarse, verifique su correo electr\u00f3nico: <strong>su contrase\u00f1a asignada se enviar\u00e1 a esa direcci\u00f3n y necesitar\u00e1 su nombre de usuario y contrase\u00f1a para registrarse.<\/strong> Despu\u00e9s de iniciar sesi\u00f3n, puede cambiar su contrase\u00f1a a una que seleccione en la p\u00e1gina de perfil.<\/p>\n<div id=\"wpmem_reg\"><a id=\"register\"><\/a><form name=\"form\" method=\"post\" action=\"https:\/\/partnersonlinecourses.com\/es\/registrarse\/\" id=\"wpmem_register_form\" class=\"form\"><input type=\"hidden\" id=\"_wpmem_register_nonce\" name=\"_wpmem_register_nonce\" value=\"4b96d69300\" \/><input type=\"hidden\" name=\"_wp_http_referer\" value=\"\/es\/wp-json\/wp\/v2\/pages\/15464\" \/><fieldset><legend>Registro de un nuevo usuario<\/legend><label for=\"username\" class=\"text\">Elige un nombre de usuario<span class=\"req\">*<\/span><\/label><div class=\"div_text\"><input name=\"username\" type=\"text\" id=\"username\" value=\"\" class=\"textbox\" required  \/><\/div><label for=\"first_name\" class=\"text\">Nombre<span class=\"req\">*<\/span><\/label><div class=\"div_text\"><input name=\"first_name\" type=\"text\" id=\"first_name\" value=\"\" class=\"textbox\" required  \/><\/div><label for=\"last_name\" class=\"text\">Apellidos<span class=\"req\">*<\/span><\/label><div class=\"div_text\"><input name=\"last_name\" type=\"text\" id=\"last_name\" value=\"\" class=\"textbox\" required  \/><\/div><label for=\"city\" class=\"text\">Ciudad<\/label><div class=\"div_text\"><input name=\"city\" type=\"text\" id=\"city\" value=\"\" class=\"textbox\" \/><\/div><label for=\"thestate\" class=\"text\">Estado<\/label><div class=\"div_text\"><input name=\"thestate\" type=\"text\" id=\"thestate\" value=\"\" class=\"textbox\" \/><\/div><label for=\"user_email\" class=\"text\">Correo electr\u00f3nico<span class=\"req\">*<\/span><\/label><div class=\"div_text\"><input name=\"user_email\" type=\"text\" id=\"user_email\" value=\"\" class=\"textbox\" required  \/><\/div><label for=\"partner\" class=\"select\">Are you enrolled in a Partners class?<\/label><div class=\"div_select\"><select name=\"partner\" id=\"partner\" class=\"dropdown\"><option value=\"\">&lt;---- Select One ----&gt;<\/option><option value=\"yes\">S\u00ed<\/option><option value=\"no\">No<\/option><\/select><\/div><script src=\"https:\/\/www.google.com\/recaptcha\/api.js?render=6Lco79sUAAAAAGqT3FfNSnrf2V0ABDmf1RC4mDd8\"><\/script><script>grecaptcha.ready(function () {grecaptcha.execute('6Lco79sUAAAAAGqT3FfNSnrf2V0ABDmf1RC4mDd8', { action: 'contact' }).then(function (token) {var recaptchaResponse = document.getElementById('recaptchaResponse');recaptchaResponse.value = token;});});<\/script><input type=\"hidden\" name=\"recaptcha_response\" id=\"recaptchaResponse\"><input name=\"a\" type=\"hidden\" value=\"register\" \/><input name=\"wpmem_reg_page\" type=\"hidden\" value=\"https:\/\/partnersonlinecourses.com\/es\/registrarse\/\" \/><div class=\"button_div\"><input name=\"submit\" type=\"submit\" value=\"Registro\" class=\"buttons\" \/><\/div><div class=\"req-text\"><span class=\"req\">*<\/span>Campo necesario<\/div><\/fieldset><\/form><\/div>\n<div class=\"pdfprnt-buttons pdfprnt-buttons-page pdfprnt-bottom-left\"><a href=\"https:\/\/partnersonlinecourses.com\/es\/wp-json\/wp\/v2\/pages\/15464?print=pdf\" class=\"pdfprnt-button pdfprnt-button-pdf\" target=\"_blank\" ><\/a><a href=\"https:\/\/partnersonlinecourses.com\/es\/wp-json\/wp\/v2\/pages\/15464?print=print\" class=\"pdfprnt-button pdfprnt-button-print\" target=\"_blank\" ><img decoding=\"async\" src=\"https:\/\/partnersonlinecourses.com\/wp-content\/plugins\/pdf-print\/images\/print.png\" alt=\"image_print\" title=\"Imprimir contenido\" \/><span class=\"pdfprnt-button-title pdfprnt-button-print-title\">Imprime esta p\u00e1gina<\/span><\/a><\/div>","protected":false},"excerpt":{"rendered":"<p>Esta es la p\u00e1gina de registro para los cursos en  [&#8230;]<\/p>\n","protected":false},"author":1,"featured_media":0,"parent":0,"menu_order":0,"comment_status":"closed","ping_status":"closed","template":"","meta":{"_monsterinsights_skip_tracking":false,"_monsterinsights_sitenote_active":false,"_monsterinsights_sitenote_note":"","_monsterinsights_sitenote_category":0,"footnotes":""},"class_list":["post-15464","page","type-page","status-publish","hentry"],"jetpack_sharing_enabled":true,"_links":{"self":[{"href":"https:\/\/partnersonlinecourses.com\/es\/wp-json\/wp\/v2\/pages\/15464","targetHints":{"allow":["GET"]}}],"collection":[{"href":"https:\/\/partnersonlinecourses.com\/es\/wp-json\/wp\/v2\/pages"}],"about":[{"href":"https:\/\/partnersonlinecourses.com\/es\/wp-json\/wp\/v2\/types\/page"}],"author":[{"embeddable":true,"href":"https:\/\/partnersonlinecourses.com\/es\/wp-json\/wp\/v2\/users\/1"}],"replies":[{"embeddable":true,"href":"https:\/\/partnersonlinecourses.com\/es\/wp-json\/wp\/v2\/comments?post=15464"}],"version-history":[{"count":2,"href":"https:\/\/partnersonlinecourses.com\/es\/wp-json\/wp\/v2\/pages\/15464\/revisions"}],"predecessor-version":[{"id":17818,"href":"https:\/\/partnersonlinecourses.com\/es\/wp-json\/wp\/v2\/pages\/15464\/revisions\/17818"}],"wp:attachment":[{"href":"https:\/\/partnersonlinecourses.com\/es\/wp-json\/wp\/v2\/media?parent=15464"}],"curies":[{"name":"wp","href":"https:\/\/api.w.org\/{rel}","templated":true}]}}